{"id":14,"date":"2023-05-04T16:07:10","date_gmt":"2023-05-04T14:07:10","guid":{"rendered":"http:\/\/cavaldog.fr\/?page_id=14"},"modified":"2023-05-11T19:35:12","modified_gmt":"2023-05-11T17:35:12","slug":"cavaldog-photographe-pour-chiens-chats-chevaux-et-nac","status":"publish","type":"page","link":"https:\/\/cavaldog.fr\/","title":{"rendered":"Cavaldog | Photographe pour Chiens, Chats, Chevaux et Nac."},"content":{"rendered":"<div id='layer_slider_1'  class='avia-layerslider main_color avia-shadow  avia-builder-el-0  el_before_av_heading  avia-builder-el-first  container_wrap sidebar_right'  style='height: 651px;'  ><\/div><div id='after_layer_slider_1'  class='main_color av_default_container_wrap container_wrap sidebar_right'  ><div class='container av-section-cont-open' ><div class='template-page content  av-content-small alpha units'><div class='post-entry post-entry-type-page post-entry-14'><div class='entry-content-wrapper clearfix'>\n\n<style type=\"text\/css\" data-created_by=\"avia_inline_auto\" id=\"style-css-av-lhaa2yw5-18df7139577446fb489caa5dd8ab85cb\">\n#top .av-special-heading.av-lhaa2yw5-18df7139577446fb489caa5dd8ab85cb{\npadding-bottom:10px;\n}\nbody .av-special-heading.av-lhaa2yw5-18df7139577446fb489caa5dd8ab85cb .av-special-heading-tag .heading-char{\nfont-size:25px;\n}\n.av-special-heading.av-lhaa2yw5-18df7139577446fb489caa5dd8ab85cb .av-subheading{\nfont-size:15px;\n}\n<\/style>\n<div  class='av-special-heading av-lhaa2yw5-18df7139577446fb489caa5dd8ab85cb av-special-heading-h3  avia-builder-el-1  el_after_av_layerslider  el_before_av_one_half  avia-builder-el-first '><h3 class='av-special-heading-tag'  itemprop=\"headline\"  >Photographe pour chiens, Chats, Chevaux et Nac<\/h3><div class=\"special-heading-border\"><div class=\"special-heading-inner-border\"><\/div><\/div><\/div>\n<div  class='flex_column av-1a36y-282062f5e6d70b4117e065ca53a666b1 av_one_half  avia-builder-el-2  el_after_av_heading  el_before_av_one_half  first flex_column_div  '     ><div  class='avia-video av-lhaah6pd-955f49ca1de75cdd1c5ef793bb59fae9 avia-video-16-9 av-no-preview-image avia-video-load-always av-lazyload-immediate av-lazyload-video-embed'  itemprop=\"video\" itemtype=\"https:\/\/schema.org\/VideoObject\"  data-original_url='https:\/\/vimeo.com\/276240709'><script data-jetpack-boost=\"ignore\" data-jetpack-boost=\"ignore\" type='text\/html' class='av-video-tmpl'><div class='avia-iframe-wrap'><iframe loading=\"lazy\" title=\"Cavaldog | Photographe animalier\" src=\"https:\/\/player.vimeo.com\/video\/276240709?h=fcac9cb158&amp;dnt=1&amp;app_id=122963&autoplay=0&loop=0&controls=1&muted=0\" width=\"1500\" height=\"844\" frameborder=\"0\" allow=\"autoplay; fullscreen; picture-in-picture\" allowfullscreen><\/iframe><\/div><\/script><div class='av-click-to-play-overlay'><div class=\"avia_playpause_icon\"><\/div><\/div><\/div><\/div>\n<div  class='flex_column av-zemi-1592c69caa965025e9418eae229e20b1 av_one_half  avia-builder-el-4  el_after_av_one_half  el_before_av_promobox  flex_column_div  '     ><p>\n<style type=\"text\/css\" data-created_by=\"avia_inline_auto\" id=\"style-css-av-lhaa3rop-c70448287a837f3444ae3940cb962715\">\n#top .av-special-heading.av-lhaa3rop-c70448287a837f3444ae3940cb962715{\npadding-bottom:10px;\n}\nbody .av-special-heading.av-lhaa3rop-c70448287a837f3444ae3940cb962715 .av-special-heading-tag .heading-char{\nfont-size:25px;\n}\n.av-special-heading.av-lhaa3rop-c70448287a837f3444ae3940cb962715 .av-subheading{\nfont-size:15px;\n}\n<\/style>\n<div  class='av-special-heading av-lhaa3rop-c70448287a837f3444ae3940cb962715 av-special-heading-h3  avia-builder-el-5  el_before_av_textblock  avia-builder-el-first '><h3 class='av-special-heading-tag'  itemprop=\"headline\"  >A propos<\/h3><div class=\"special-heading-border\"><div class=\"special-heading-inner-border\"><\/div><\/div><\/div><br \/>\n<section  class='av_textblock_section av-lhaa4syt-90277ee5e4ef6740951c163f6a46783e '   itemscope=\"itemscope\" itemtype=\"https:\/\/schema.org\/CreativeWork\" ><div class='avia_textblock'  itemprop=\"text\" ><p>Bonjour, je m&rsquo;appelle Julien, et je suis un photographe professionnel sp\u00e9cialis\u00e9 dans les animaux de compagnie. J&rsquo;ai toujours \u00e9t\u00e9 passionn\u00e9 par les animaux et la photographie, et je me sens incroyablement chanceux de pouvoir combiner ces deux int\u00e9r\u00eats dans mon travail.<\/p>\n<p>Mon objectif est de capturer les personnalit\u00e9s uniques et les liens sp\u00e9ciaux entre les animaux de compagnie et leurs propri\u00e9taires gr\u00e2ce \u00e0 mes photos. Je crois que chaque animal a une histoire \u00e0 raconter, et j&rsquo;adore travailler avec les animaux pour donner vie \u00e0 leurs histoires \u00e0 travers des images magnifiques et cr\u00e9atives.<\/p>\n<\/div><\/section><br \/>\n<div  class='avia-buttonrow-wrap av-lhaak18l-aa0f27566787fbee658857655fe892cd avia-buttonrow-center  avia-builder-el-7  el_after_av_textblock  avia-builder-el-last '>\n\n<style type=\"text\/css\" data-created_by=\"avia_inline_auto\" id=\"style-css-av-lhaaj68n-ea3c21389053ebd0ce66927ef514ea9b\">\n#top #wrap_all .avia-button.av-lhaaj68n-ea3c21389053ebd0ce66927ef514ea9b{\nmargin-bottom:5px;\nmargin-right:3px;\nmargin-left:3px;\n}\n<\/style>\n<a href='https:\/\/cavaldog.fr\/index.php\/galerie\/'  class='avia-button av-lhaaj68n-ea3c21389053ebd0ce66927ef514ea9b avia-icon_select-yes-left-icon avia-size-small avia-color-theme-color'  ><span class='avia_button_icon avia_button_icon_left ' aria-hidden='true' data-av_icon='\ue80e' data-av_iconfont='entypo-fontello'><\/span><span class='avia_iconbox_title' >Voir la galerie<\/span><\/a>\n\n<style type=\"text\/css\" data-created_by=\"avia_inline_auto\" id=\"style-css-av-lhaajfiy-ce53ff3d4d951fb885b8cb7ae1ac9d91\">\n#top #wrap_all .avia-button.av-lhaajfiy-ce53ff3d4d951fb885b8cb7ae1ac9d91{\nmargin-bottom:5px;\nmargin-right:3px;\nmargin-left:3px;\n}\n<\/style>\n<a href='https:\/\/cavaldog.fr\/index.php\/contact\/'  class='avia-button av-lhaajfiy-ce53ff3d4d951fb885b8cb7ae1ac9d91 avia-icon_select-yes-left-icon avia-size-small avia-color-theme-color'  ><span class='avia_button_icon avia_button_icon_left ' aria-hidden='true' data-av_icon='\ue805' data-av_iconfont='entypo-fontello'><\/span><span class='avia_iconbox_title' >Contactez-moi<\/span><\/a>\n\n<style type=\"text\/css\" data-created_by=\"avia_inline_auto\" id=\"style-css-av-lhaajzyu-9c9f1d8937630efad89c43268bdfd28d\">\n#top #wrap_all .avia-button.av-lhaajzyu-9c9f1d8937630efad89c43268bdfd28d{\nmargin-bottom:5px;\nmargin-right:3px;\nmargin-left:3px;\n}\n<\/style>\n<a href='https:\/\/cavaldog.fr\/index.php\/les-seances-photos\/'  class='avia-button av-lhaajzyu-9c9f1d8937630efad89c43268bdfd28d avia-icon_select-yes-left-icon avia-size-small avia-color-theme-color'  ><span class='avia_button_icon avia_button_icon_left ' aria-hidden='true' data-av_icon='\ue836' data-av_iconfont='entypo-fontello'><\/span><span class='avia_iconbox_title' >Les forfaits<\/span><\/a>\n<\/div><\/p><\/div><div  class='av_promobox av-lhewba0s-7c77acd59e63d2d254e3ef19b744daa9 avia-button-yes  avia-builder-el-8  el_after_av_one_half  avia-builder-el-last '><div class='avia-promocontent'><p>\nD\u00e9couvrez <a href=\"https:\/\/cavaldog.fr\/index.php\/les-seances-photos\/\">le d\u00e9roulement des s\u00e9ances photos<\/a> et <a href=\"https:\/\/cavaldog.fr\/index.php\/contact\/\">r\u00e9servez votre s\u00e9ance<\/a> d\u00e8s maintenant pour capturer les plus beaux moments de votre compagnon \u00e0 quatre pattes !<\/p>\n<\/div><div  class='avia-button-wrap av-lhewba0s-2401394f683e9fdaf312e9d5e6bf1de7-wrap avia-button-right '><a href='https:\/\/cavaldog.fr\/index.php\/les-seances-photos\/'  class='avia-button av-lhewba0s-2401394f683e9fdaf312e9d5e6bf1de7 avia-icon_select-yes-left-icon avia-size-large avia-position-right avia-color-theme-color'  ><span class='avia_button_icon avia_button_icon_left' aria-hidden='true' data-av_icon='\ue80f' data-av_iconfont='entypo-fontello'><\/span><span class='avia_iconbox_title' >les s\u00e9ances photos <\/span><\/a><\/div><\/div><\/p>\n","protected":false},"excerpt":{"rendered":"","protected":false},"author":1,"featured_media":0,"parent":0,"menu_order":0,"comment_status":"closed","ping_status":"closed","template":"","meta":{"footnotes":""},"class_list":["post-14","page","type-page","status-publish","hentry"],"yoast_head":"<!-- This site is optimized with the Yoast SEO plugin v25.7 - https:\/\/yoast.com\/wordpress\/plugins\/seo\/ -->\n<title>Cavaldog | Photographe pour Chien, Chats, Chevaux et Nac<\/title>\n<meta name=\"description\" content=\"Envie d&#039;une s\u00e9ance photo de vos animaux de compagnie? Je capture les moments pr\u00e9cieux de vos animaux de compagnie avec des s\u00e9ances photo amusantes et d\u00e9contract\u00e9es. D\u00e9couvrez mes tarifs abordables et ma galerie photo pour voir des exemples de mon travail. Contactez-nous d\u00e8s maintenant pour r\u00e9server votre s\u00e9ance photo et immortaliser les souvenirs de votre animal de compagnie.\" \/>\n<meta name=\"robots\" content=\"index, follow, max-snippet:-1, max-image-preview:large, max-video-preview:-1\" \/>\n<link rel=\"canonical\" href=\"https:\/\/cavaldog.fr\/\" \/>\n<meta property=\"og:locale\" content=\"fr_FR\" \/>\n<meta property=\"og:type\" content=\"article\" \/>\n<meta property=\"og:title\" content=\"Cavaldog | Photographe pour Chien, Chats, Chevaux et Nac\" \/>\n<meta property=\"og:description\" content=\"Envie d&#039;une s\u00e9ance photo de vos animaux de compagnie? Je capture les moments pr\u00e9cieux de vos animaux de compagnie avec des s\u00e9ances photo amusantes et d\u00e9contract\u00e9es. D\u00e9couvrez mes tarifs abordables et ma galerie photo pour voir des exemples de mon travail. Contactez-nous d\u00e8s maintenant pour r\u00e9server votre s\u00e9ance photo et immortaliser les souvenirs de votre animal de compagnie.\" \/>\n<meta property=\"og:url\" content=\"https:\/\/cavaldog.fr\/\" \/>\n<meta property=\"og:site_name\" content=\"Cavaldog | Photographe pour Chien, Chats, Chevaux et Nac\" \/>\n<meta property=\"article:modified_time\" content=\"2023-05-11T17:35:12+00:00\" \/>\n<meta name=\"twitter:card\" content=\"summary_large_image\" \/>\n<meta name=\"twitter:label1\" content=\"Dur\u00e9e de lecture estim\u00e9e\" \/>\n\t<meta name=\"twitter:data1\" content=\"5 minutes\" \/>\n<script type=\"application\/ld+json\" class=\"yoast-schema-graph\">{\"@context\":\"https:\/\/schema.org\",\"@graph\":[{\"@type\":\"WebPage\",\"@id\":\"https:\/\/cavaldog.fr\/\",\"url\":\"https:\/\/cavaldog.fr\/\",\"name\":\"Cavaldog | Photographe pour Chien, Chats, Chevaux et Nac\",\"isPartOf\":{\"@id\":\"https:\/\/cavaldog.fr\/#website\"},\"datePublished\":\"2023-05-04T14:07:10+00:00\",\"dateModified\":\"2023-05-11T17:35:12+00:00\",\"description\":\"Envie d'une s\u00e9ance photo de vos animaux de compagnie? Je capture les moments pr\u00e9cieux de vos animaux de compagnie avec des s\u00e9ances photo amusantes et d\u00e9contract\u00e9es. D\u00e9couvrez mes tarifs abordables et ma galerie photo pour voir des exemples de mon travail. Contactez-nous d\u00e8s maintenant pour r\u00e9server votre s\u00e9ance photo et immortaliser les souvenirs de votre animal de compagnie.\",\"breadcrumb\":{\"@id\":\"https:\/\/cavaldog.fr\/#breadcrumb\"},\"inLanguage\":\"fr-FR\",\"potentialAction\":[{\"@type\":\"ReadAction\",\"target\":[\"https:\/\/cavaldog.fr\/\"]}]},{\"@type\":\"BreadcrumbList\",\"@id\":\"https:\/\/cavaldog.fr\/#breadcrumb\",\"itemListElement\":[{\"@type\":\"ListItem\",\"position\":1,\"name\":\"Accueil\",\"item\":\"https:\/\/cavaldog.fr\/\"},{\"@type\":\"ListItem\",\"position\":2,\"name\":\"Cavaldog | Photographe pour Chiens, Chats, Chevaux et Nac.\"}]},{\"@type\":\"WebSite\",\"@id\":\"https:\/\/cavaldog.fr\/#website\",\"url\":\"https:\/\/cavaldog.fr\/\",\"name\":\"Cavaldog | Photographe pour Chien, Chats, Chevaux et Nac\",\"description\":\"Photographe professionnel sp\u00e9cialis\u00e9 dans la photographies des animaux sauvages et compagnie\",\"publisher\":{\"@id\":\"https:\/\/cavaldog.fr\/#organization\"},\"potentialAction\":[{\"@type\":\"SearchAction\",\"target\":{\"@type\":\"EntryPoint\",\"urlTemplate\":\"https:\/\/cavaldog.fr\/?s={search_term_string}\"},\"query-input\":{\"@type\":\"PropertyValueSpecification\",\"valueRequired\":true,\"valueName\":\"search_term_string\"}}],\"inLanguage\":\"fr-FR\"},{\"@type\":\"Organization\",\"@id\":\"https:\/\/cavaldog.fr\/#organization\",\"name\":\"Cavaldog | Photographe pour Chien, Chats, Chevaux et Nac\",\"url\":\"https:\/\/cavaldog.fr\/\",\"logo\":{\"@type\":\"ImageObject\",\"inLanguage\":\"fr-FR\",\"@id\":\"https:\/\/cavaldog.fr\/#\/schema\/logo\/image\/\",\"url\":\"https:\/\/cavaldog.fr\/wp-content\/uploads\/2023\/05\/logo-cavaldog.png\",\"contentUrl\":\"https:\/\/cavaldog.fr\/wp-content\/uploads\/2023\/05\/logo-cavaldog.png\",\"width\":680,\"height\":312,\"caption\":\"Cavaldog | Photographe pour Chien, Chats, Chevaux et Nac\"},\"image\":{\"@id\":\"https:\/\/cavaldog.fr\/#\/schema\/logo\/image\/\"}}]}<\/script>\n<!-- \/ Yoast SEO plugin. -->","yoast_head_json":{"title":"Cavaldog | Photographe pour Chien, Chats, Chevaux et Nac","description":"Envie d'une s\u00e9ance photo de vos animaux de compagnie? Je capture les moments pr\u00e9cieux de vos animaux de compagnie avec des s\u00e9ances photo amusantes et d\u00e9contract\u00e9es. D\u00e9couvrez mes tarifs abordables et ma galerie photo pour voir des exemples de mon travail. Contactez-nous d\u00e8s maintenant pour r\u00e9server votre s\u00e9ance photo et immortaliser les souvenirs de votre animal de compagnie.","robots":{"index":"index","follow":"follow","max-snippet":"max-snippet:-1","max-image-preview":"max-image-preview:large","max-video-preview":"max-video-preview:-1"},"canonical":"https:\/\/cavaldog.fr\/","og_locale":"fr_FR","og_type":"article","og_title":"Cavaldog | Photographe pour Chien, Chats, Chevaux et Nac","og_description":"Envie d'une s\u00e9ance photo de vos animaux de compagnie? Je capture les moments pr\u00e9cieux de vos animaux de compagnie avec des s\u00e9ances photo amusantes et d\u00e9contract\u00e9es. D\u00e9couvrez mes tarifs abordables et ma galerie photo pour voir des exemples de mon travail. Contactez-nous d\u00e8s maintenant pour r\u00e9server votre s\u00e9ance photo et immortaliser les souvenirs de votre animal de compagnie.","og_url":"https:\/\/cavaldog.fr\/","og_site_name":"Cavaldog | Photographe pour Chien, Chats, Chevaux et Nac","article_modified_time":"2023-05-11T17:35:12+00:00","twitter_card":"summary_large_image","twitter_misc":{"Dur\u00e9e de lecture estim\u00e9e":"5 minutes"},"schema":{"@context":"https:\/\/schema.org","@graph":[{"@type":"WebPage","@id":"https:\/\/cavaldog.fr\/","url":"https:\/\/cavaldog.fr\/","name":"Cavaldog | Photographe pour Chien, Chats, Chevaux et Nac","isPartOf":{"@id":"https:\/\/cavaldog.fr\/#website"},"datePublished":"2023-05-04T14:07:10+00:00","dateModified":"2023-05-11T17:35:12+00:00","description":"Envie d'une s\u00e9ance photo de vos animaux de compagnie? Je capture les moments pr\u00e9cieux de vos animaux de compagnie avec des s\u00e9ances photo amusantes et d\u00e9contract\u00e9es. D\u00e9couvrez mes tarifs abordables et ma galerie photo pour voir des exemples de mon travail. Contactez-nous d\u00e8s maintenant pour r\u00e9server votre s\u00e9ance photo et immortaliser les souvenirs de votre animal de compagnie.","breadcrumb":{"@id":"https:\/\/cavaldog.fr\/#breadcrumb"},"inLanguage":"fr-FR","potentialAction":[{"@type":"ReadAction","target":["https:\/\/cavaldog.fr\/"]}]},{"@type":"BreadcrumbList","@id":"https:\/\/cavaldog.fr\/#breadcrumb","itemListElement":[{"@type":"ListItem","position":1,"name":"Accueil","item":"https:\/\/cavaldog.fr\/"},{"@type":"ListItem","position":2,"name":"Cavaldog | Photographe pour Chiens, Chats, Chevaux et Nac."}]},{"@type":"WebSite","@id":"https:\/\/cavaldog.fr\/#website","url":"https:\/\/cavaldog.fr\/","name":"Cavaldog | Photographe pour Chien, Chats, Chevaux et Nac","description":"Photographe professionnel sp\u00e9cialis\u00e9 dans la photographies des animaux sauvages et compagnie","publisher":{"@id":"https:\/\/cavaldog.fr\/#organization"},"potentialAction":[{"@type":"SearchAction","target":{"@type":"EntryPoint","urlTemplate":"https:\/\/cavaldog.fr\/?s={search_term_string}"},"query-input":{"@type":"PropertyValueSpecification","valueRequired":true,"valueName":"search_term_string"}}],"inLanguage":"fr-FR"},{"@type":"Organization","@id":"https:\/\/cavaldog.fr\/#organization","name":"Cavaldog | Photographe pour Chien, Chats, Chevaux et Nac","url":"https:\/\/cavaldog.fr\/","logo":{"@type":"ImageObject","inLanguage":"fr-FR","@id":"https:\/\/cavaldog.fr\/#\/schema\/logo\/image\/","url":"https:\/\/cavaldog.fr\/wp-content\/uploads\/2023\/05\/logo-cavaldog.png","contentUrl":"https:\/\/cavaldog.fr\/wp-content\/uploads\/2023\/05\/logo-cavaldog.png","width":680,"height":312,"caption":"Cavaldog | Photographe pour Chien, Chats, Chevaux et Nac"},"image":{"@id":"https:\/\/cavaldog.fr\/#\/schema\/logo\/image\/"}}]}},"_links":{"self":[{"href":"https:\/\/cavaldog.fr\/index.php\/wp-json\/wp\/v2\/pages\/14","targetHints":{"allow":["GET"]}}],"collection":[{"href":"https:\/\/cavaldog.fr\/index.php\/wp-json\/wp\/v2\/pages"}],"about":[{"href":"https:\/\/cavaldog.fr\/index.php\/wp-json\/wp\/v2\/types\/page"}],"author":[{"embeddable":true,"href":"https:\/\/cavaldog.fr\/index.php\/wp-json\/wp\/v2\/users\/1"}],"replies":[{"embeddable":true,"href":"https:\/\/cavaldog.fr\/index.php\/wp-json\/wp\/v2\/comments?post=14"}],"version-history":[{"count":14,"href":"https:\/\/cavaldog.fr\/index.php\/wp-json\/wp\/v2\/pages\/14\/revisions"}],"predecessor-version":[{"id":206,"href":"https:\/\/cavaldog.fr\/index.php\/wp-json\/wp\/v2\/pages\/14\/revisions\/206"}],"wp:attachment":[{"href":"https:\/\/cavaldog.fr\/index.php\/wp-json\/wp\/v2\/media?parent=14"}],"curies":[{"name":"wp","href":"https:\/\/api.w.org\/{rel}","templated":true}]}}